{"id":60,"date":"2021-08-10T09:23:46","date_gmt":"2021-08-10T08:23:46","guid":{"rendered":"http:\/\/www.praxis-dr-classen.de\/?page_id=60"},"modified":"2021-08-14T00:13:51","modified_gmt":"2021-08-13T23:13:51","slug":"sprechstunde-2","status":"publish","type":"page","link":"https:\/\/www.praxis-dr-classen.de\/?page_id=60","title":{"rendered":"Sprechstunde"},"content":{"rendered":"<p><strong>Wochentags<\/strong><\/p>\n<ul>\n<li>vormittags\u00a0\u00a0\u00a0 \u00a0\u00a0 08:00 bis 12:00 Uhr<\/li>\n<li>nachmittags\u00a0\u00a0\u00a0 16:00\u00a0 bis 18:00 Uhr<\/li>\n<li>Mittwoch &amp; Freitag\u00a0 \u00a0 bis 12:00 Uhr<\/li>\n<\/ul>\n<p>und nach individueller <a href=\"https:\/\/www.praxis-dr-classen.de\/\">Vereinbarung<\/a><\/p>\n<h4><strong>\u00c4rztlicher Notdienst (au\u00dferhalb der \u00d6ffnungszeiten)<\/strong><\/h4>\n<h4><strong>Telefon:\u00a0 116 117<\/strong><\/h4>\n<h1><\/h1>\n<h4><strong>Rettungsleitstelle <\/strong>(bei akuter Lebensgefahr)<\/h4>\n<h4>Telefon:\u00a0 112<\/h4>\n","protected":false},"excerpt":{"rendered":"<p>Wochentags vormittags\u00a0\u00a0\u00a0 \u00a0\u00a0 08:00 bis 12:00 Uhr nachmittags\u00a0\u00a0\u00a0 16:00\u00a0 bis 18:00 Uhr Mittwoch &amp; Freitag\u00a0 \u00a0 bis 12:00 Uhr und nach individueller Vereinbarung \u00c4rztlicher Notdienst (au\u00dferhalb der \u00d6ffnungszeiten) Telefon:\u00a0 116 117 Rettungsleitstelle (bei akuter Lebensgefahr) Telefon:\u00a0 112<\/p>\n","protected":false},"author":2,"featured_media":0,"parent":0,"menu_order":20,"comment_status":"closed","ping_status":"closed","template":"","meta":[],"_links":{"self":[{"href":"https:\/\/www.praxis-dr-classen.de\/index.php?rest_route=\/wp\/v2\/pages\/60"}],"collection":[{"href":"https:\/\/www.praxis-dr-classen.de\/index.php?rest_route=\/wp\/v2\/pages"}],"about":[{"href":"https:\/\/www.praxis-dr-classen.de\/index.php?rest_route=\/wp\/v2\/types\/page"}],"author":[{"embeddable":true,"href":"https:\/\/www.praxis-dr-classen.de\/index.php?rest_route=\/wp\/v2\/users\/2"}],"replies":[{"embeddable":true,"href":"https:\/\/www.praxis-dr-classen.de\/index.php?rest_route=%2Fwp%2Fv2%2Fcomments&post=60"}],"version-history":[{"count":0,"href":"https:\/\/www.praxis-dr-classen.de\/index.php?rest_route=\/wp\/v2\/pages\/60\/revisions"}],"wp:attachment":[{"href":"https:\/\/www.praxis-dr-classen.de\/index.php?rest_route=%2Fwp%2Fv2%2Fmedia&parent=60"}],"curies":[{"name":"wp","href":"https:\/\/api.w.org\/{rel}","templated":true}]}}