{"id":68,"date":"2021-08-10T09:25:29","date_gmt":"2021-08-10T08:25:29","guid":{"rendered":"http:\/\/www.praxis-dr-classen.de\/?page_id=68"},"modified":"2022-03-23T22:28:51","modified_gmt":"2022-03-23T21:28:51","slug":"leistungen-2","status":"publish","type":"page","link":"https:\/\/www.praxis-dr-classen.de\/?page_id=68","title":{"rendered":"Leistungen"},"content":{"rendered":"<p><strong>Unser Angebot<\/strong><\/p>\n<p>Auf Grund der <a href=\"http:\/\/www.praxis-dr-classen.de\/?page_id=64\">Fachqualifikation<\/a> Allgemeinmedizin, Naturheilverfahren, Innere Medizin, Notfallmedizin\/Leitender Notarzt, psychosomatische Grundversorgung, Sportmedizin und der modernen Ausstattung k\u00f6nnen wir unseren Patienten in dieser Hausarztpraxis ein weit gef\u00e4chertes Kompetenzspektrum rund um alle gesundheitlichen Probleme bieten. Wir haben ein Qualit\u00e4tsmanagementsystem etabliert und arbeiten mit KPQM2006\/qu.bh\u00e4v. In dieser Praxis besch\u00e4ftigen wir ausschlie\u00dflich staatlich gepr\u00fcftes medizinisches Fachpersonal. Neben den generellen Leistungen allgemeinmedizinischer Fachmedizin mit Hausbesuchen nach Vereinbarung sowie Notfallversorgung bieten wir eine qualifizierte Betreuung und Beratung im Bereich ganzheitliche Medizin sowie naturheilkundliche\u00a0 und alternative Behandlungsm\u00f6glichkeiten. Insbesondere der Bewertung von Informationen und validen Einsch\u00e4tzungen im Daten-Dschungel zwischen google-Ergebnissen und verschiedenen Empfehlungen einzelner Spezialisten wird eine Priorit\u00e4t einger\u00e4umt. Hierbei k\u00f6nnen Sie sich darauf verlassen, immer die gleichen Ansprechpartner zu haben <a href=\"http:\/\/www.praxis-dr-classen.de\/?page_id=64\">(Arzt, Krankenschwester, Medizinische Fachangestellte)<\/a>\u00a0&#8211; wir kennen Sie und Ihre Anliegen und Sie m\u00fcssen nicht immer wieder &#8222;ganz von vorne anfangen&#8220;.<\/p>\n<p><strong>Besondere Untersuchungsverfahren<\/strong><\/p>\n<ul>\n<li>Moderne medizinische Diagnostik (u.a. Ruhe-EKG, Langzeit-EKG-Messung, Langzeit-Blutdruck-Messung, Laboruntersuchungen, Ultraschalldiagnostik, Farbdoppleruntersuchungen der Gef\u00e4\u00dfe\/ Powerdoppleruntersuchung als Vorsorgeleistung, pulsoxymetrische Messung der Sauerstoffs\u00e4ttigung)<\/li>\n<li>Belastungsergometrie zur Leistungsdiagnostik bei Sportlern<\/li>\n<li>Lungenfunktionsmessung (Asthma bronchiale, COPD, Leistungsdiagnostik)<\/li>\n<li>sportmedizinische Betreuung von Sportlern im internationalen Rahmen seit 1998<\/li>\n<li>Psychosomatische Gespr\u00e4che im haus\u00e4rztlichen Rahmen<\/li>\n<li>Vorsorge-Untersuchungen<\/li>\n<li>Krebsvorsorge<\/li>\n<li>Kinderuntersuchungen ab U9, Jugendschutzuntersuchungen<\/li>\n<li>Allergietestung (Heuschnupfen, Asthma)<\/li>\n<li>Hautkrebs-Screening (Fr\u00fcherkennung b\u00f6sartiger Hautver\u00e4nderungen)<\/li>\n<li>OP-Vorbereitung f\u00fcr ambulante Eingriffe<\/li>\n<li>Wundversorgung\/Verb\u00e4nde\/Notf\u00e4lle<\/li>\n<li>Impfberatung (gem\u00e4\u00df STIKO), umfassende Reiseberatung, Ern\u00e4hrungsberatung (Gewichtsreduktion, Vergleich und Bewertung der unterschiedlichen Konzepte)<\/li>\n<li>Offizielle internationale Gelbfieber-Impfstelle, alle Reiseimpfungen weltweit<\/li>\n<li>Spezielle Betreuungskonzepte bei chronischen Erkrankungen inclusive Patientenschulungen<\/li>\n<li>Zusammenarbeit mit Selbsthilfegruppen in W\u00fcrzburg<\/li>\n<\/ul>\n<p><strong>Besondere Therapieverfahren<\/strong><\/p>\n<ul>\n<li>Eigenblutbehandlung<\/li>\n<li>Sexualberatung und Behandlung<\/li>\n<li>Ohrakupunktur (Schmerztherapie)<\/li>\n<li>Raucherentw\u00f6hnung<\/li>\n<li>Phytotherapie<\/li>\n<li>Hom\u00f6opathische Behandlungsalternativen<\/li>\n<li>Biologische Aufbau- und Entgiftungskuren<\/li>\n<li>Mikrobiologische Therapie, Darmsanierung<\/li>\n<li>Neuraltherapie<\/li>\n<li>Schr\u00f6pfbehandlung, Ausleitende Verfahren<\/li>\n<li>Orthomolekulare Medizin<\/li>\n<li>Immunmodulierende Behandlung<\/li>\n<li>Infusionstherapie zur Steigerung der Abwehrkr\u00e4fte<\/li>\n<li>Biologische Krebstherapie<\/li>\n<\/ul>\n<p><strong>Erweiterte Vorsorgeuntersuchungen<\/strong><\/p>\n<p>Die Standard-Vorsorge umfasst<\/p>\n<ul>\n<li>Ab dem 35. Lebensjahr alle 2 Jahre:<\/li>\n<li>Blutdruckmessung,<\/li>\n<li>k\u00f6rperliche Untersuchung sowie<\/li>\n<li>Screeninglabor und Urintest<\/li>\n<\/ul>\n<ul>\n<li>Ab dem 45. Lebensjahr zus\u00e4tzlich Krebsvorsorge beim Mann<\/li>\n<li>Ab dem 50\/55. Lebensjahr Beratung und auf Wunsch Organisation einer Vorsorgekoloskopie (Darmkrebs-Fr\u00fcherkennung)<\/li>\n<li>Hautkrebsscreening<\/li>\n<\/ul>\n<p>\u00dcber diesen Basisumfang der Gesundheits- und Krebsvorsorge hinaus gibt es einige sinnvolle Zusatzuntersuchungen, die nicht im Rahmen der gesetzlichen Krankenversicherung erbracht werden k\u00f6nnen.<br \/>\nDeshalb bieten wir Ihnen auf Wunsch ein Erg\u00e4nzungsprogramm an, das zu einer umfassenden Vorsorge f\u00fchrt. Fragen Sie gerne im individuellen Arztgepr\u00e4ch nach weiteren Details hierzu.<\/p>\n<p><strong>Was es bei uns NICHT gibt<\/strong><\/p>\n<p>Es gibt auch Dinge, die bei uns leider nicht m\u00f6glich sind &#8211; um Entt\u00e4uschungen vorzubeugen und einer fr\u00fchzeitigen Kontaktaufnahme mit dem richtigen Gespr\u00e4chspartner nicht im Wege zu stehen, seien diese kurz erw\u00e4hnt:<\/p>\n<p>Drogensubstitution, Drogenentw\u00f6hnung\/Rehabilitation, Patienten welche im Rahmen eines\u00a0 Methadonprogramms betreut werden, Verschreibung von THC unabh\u00e4ngig von der Indikationsstellung.<\/p>\n<p><strong>Falls einer der Punkte f\u00fcr Sie zutreffen sollte, wenden Sie sich bitte direkt an Ihren Substitutionsarzt, Facharzt f\u00fcr Psychiatrie, Facharzt f\u00fcr An\u00e4sthesiologie und Schmerztherapie oder f\u00fcr Cannabis-Therapie spezialisierten Arzt.<\/strong><\/p>\n","protected":false},"excerpt":{"rendered":"<p>Unser Angebot Auf Grund der Fachqualifikation Allgemeinmedizin, Naturheilverfahren, Innere Medizin, Notfallmedizin\/Leitender Notarzt, psychosomatische Grundversorgung, Sportmedizin und der modernen Ausstattung k\u00f6nnen wir unseren Patienten in dieser Hausarztpraxis ein weit gef\u00e4chertes Kompetenzspektrum rund um alle gesundheitlichen Probleme bieten. Wir haben ein Qualit\u00e4tsmanagementsystem etabliert und arbeiten mit KPQM2006\/qu.bh\u00e4v. In dieser Praxis besch\u00e4ftigen wir ausschlie\u00dflich staatlich gepr\u00fcftes medizinisches Fachpersonal. &hellip; <\/p>\n<p class=\"link-more\"><a href=\"https:\/\/www.praxis-dr-classen.de\/?page_id=68\" class=\"more-link\"><span class=\"screen-reader-text\">\u201eLeistungen\u201c <\/span>weiterlesen<\/a><\/p>\n","protected":false},"author":2,"featured_media":0,"parent":0,"menu_order":40,"comment_status":"closed","ping_status":"closed","template":"","meta":[],"_links":{"self":[{"href":"https:\/\/www.praxis-dr-classen.de\/index.php?rest_route=\/wp\/v2\/pages\/68"}],"collection":[{"href":"https:\/\/www.praxis-dr-classen.de\/index.php?rest_route=\/wp\/v2\/pages"}],"about":[{"href":"https:\/\/www.praxis-dr-classen.de\/index.php?rest_route=\/wp\/v2\/types\/page"}],"author":[{"embeddable":true,"href":"https:\/\/www.praxis-dr-classen.de\/index.php?rest_route=\/wp\/v2\/users\/2"}],"replies":[{"embeddable":true,"href":"https:\/\/www.praxis-dr-classen.de\/index.php?rest_route=%2Fwp%2Fv2%2Fcomments&post=68"}],"version-history":[{"count":0,"href":"https:\/\/www.praxis-dr-classen.de\/index.php?rest_route=\/wp\/v2\/pages\/68\/revisions"}],"wp:attachment":[{"href":"https:\/\/www.praxis-dr-classen.de\/index.php?rest_route=%2Fwp%2Fv2%2Fmedia&parent=68"}],"curies":[{"name":"wp","href":"https:\/\/api.w.org\/{rel}","templated":true}]}}