{"id":72,"date":"2021-08-10T09:26:37","date_gmt":"2021-08-10T08:26:37","guid":{"rendered":"http:\/\/www.praxis-dr-classen.de\/?page_id=72"},"modified":"2021-08-14T00:13:11","modified_gmt":"2021-08-13T23:13:11","slug":"service-2","status":"publish","type":"page","link":"https:\/\/www.praxis-dr-classen.de\/?page_id=72","title":{"rendered":"Service"},"content":{"rendered":"<p><strong>Bestellung von Rezepten und \u00dcberweisungen<\/strong><\/p>\n<p>Liebe Patientinnen und Patienten,<\/p>\n<p>die Telefonnummer <strong>0931 \u2013 66097877<\/strong> ist\u00a0 an einen Anrufbeantworter gekoppelt und f\u00fcr Anrufer reserviert, die ein Dauermedikament oder eine \u00dcberweisung bei uns bestellen wollen.<\/p>\n<p>Wir ben\u00f6tigen folgende Angaben:<\/p>\n<ul>\n<li>Ihren Namen und Vornamen<\/li>\n<li>die ben\u00f6tigten Medikamente<\/li>\n<li>bei \u00dcberweisungen die Fachrichtung (z.B. Arzt f\u00fcr Gastroenterologie, Arzt f\u00fcr Orthop\u00e4die&#8230;) und die Erkrankung, die untersucht wird (z.B. Magenschleimhautentz\u00fcndung, Bandscheibenvorfall, Depression)<\/li>\n<\/ul>\n<p>&nbsp;<\/p>\n<p>Telefonisch erreichen Sie unsere Hausarztpraxis\u00a0 nat\u00fcrlich f\u00fcr Terminvergaben und alle anderen Fragen rund um die Gesundheit weiterhin unter\u00a0<strong><a href=\"http:\/\/www.praxis-dr-classen.de\/?page_id=60\">0931-63117<\/a><\/strong>.<\/p>\n<p>&nbsp;<\/p>\n","protected":false},"excerpt":{"rendered":"<p>Bestellung von Rezepten und \u00dcberweisungen Liebe Patientinnen und Patienten, die Telefonnummer 0931 \u2013 66097877 ist\u00a0 an einen Anrufbeantworter gekoppelt und f\u00fcr Anrufer reserviert, die ein Dauermedikament oder eine \u00dcberweisung bei uns bestellen wollen. Wir ben\u00f6tigen folgende Angaben: Ihren Namen und Vornamen die ben\u00f6tigten Medikamente bei \u00dcberweisungen die Fachrichtung (z.B. Arzt f\u00fcr Gastroenterologie, Arzt f\u00fcr Orthop\u00e4die&#8230;) &hellip; <\/p>\n<p class=\"link-more\"><a href=\"https:\/\/www.praxis-dr-classen.de\/?page_id=72\" class=\"more-link\"><span class=\"screen-reader-text\">\u201eService\u201c <\/span>weiterlesen<\/a><\/p>\n","protected":false},"author":2,"featured_media":0,"parent":0,"menu_order":50,"comment_status":"closed","ping_status":"closed","template":"","meta":[],"_links":{"self":[{"href":"https:\/\/www.praxis-dr-classen.de\/index.php?rest_route=\/wp\/v2\/pages\/72"}],"collection":[{"href":"https:\/\/www.praxis-dr-classen.de\/index.php?rest_route=\/wp\/v2\/pages"}],"about":[{"href":"https:\/\/www.praxis-dr-classen.de\/index.php?rest_route=\/wp\/v2\/types\/page"}],"author":[{"embeddable":true,"href":"https:\/\/www.praxis-dr-classen.de\/index.php?rest_route=\/wp\/v2\/users\/2"}],"replies":[{"embeddable":true,"href":"https:\/\/www.praxis-dr-classen.de\/index.php?rest_route=%2Fwp%2Fv2%2Fcomments&post=72"}],"version-history":[{"count":0,"href":"https:\/\/www.praxis-dr-classen.de\/index.php?rest_route=\/wp\/v2\/pages\/72\/revisions"}],"wp:attachment":[{"href":"https:\/\/www.praxis-dr-classen.de\/index.php?rest_route=%2Fwp%2Fv2%2Fmedia&parent=72"}],"curies":[{"name":"wp","href":"https:\/\/api.w.org\/{rel}","templated":true}]}}