{"id":76,"date":"2021-08-10T09:27:16","date_gmt":"2021-08-10T08:27:16","guid":{"rendered":"http:\/\/www.praxis-dr-classen.de\/?page_id=76"},"modified":"2021-08-14T00:14:23","modified_gmt":"2021-08-13T23:14:23","slug":"anfahrt-2","status":"publish","type":"page","link":"https:\/\/www.praxis-dr-classen.de\/?page_id=76","title":{"rendered":"Anfahrt"},"content":{"rendered":"<p><strong>So finden Sie uns:<\/strong><\/p>\n<p><iframe loading=\"lazy\" src=\"https:\/\/maps.google.de\/maps?f=q&amp;source=s_q&amp;hl=de&amp;geocode=&amp;q=Klosterstra%C3%9Fe+9+97084+W%C3%BCrzburg-Heidingsfeld&amp;sll=51.151786,10.415039&amp;sspn=15.594757,37.177734&amp;ie=UTF8&amp;hq=&amp;hnear=Klosterstra%C3%9Fe+9,+97084+W%C3%BCrzburg,+Unterfranken,+Bayern&amp;t=h&amp;z=14&amp;ll=49.7644,9.95007&amp;output=embed\" width=\"425\" height=\"350\" frameborder=\"0\" marginwidth=\"0\" marginheight=\"0\" scrolling=\"no\"><\/iframe><br \/>\n<small><a style=\"color: #0000ff; text-align: left;\" href=\"http:\/\/maps.google.de\/maps?f=q&amp;source=embed&amp;hl=de&amp;geocode=&amp;q=Klosterstra%C3%9Fe+9+97084+W%C3%BCrzburg-Heidingsfeld&amp;sll=51.151786,10.415039&amp;sspn=15.594757,37.177734&amp;ie=UTF8&amp;hq=&amp;hnear=Klosterstra%C3%9Fe+9,+97084+W%C3%BCrzburg,+Unterfranken,+Bayern&amp;t=h&amp;z=14&amp;ll=49.7644,9.95007\">Gr\u00f6\u00dfere Kartenansicht<\/a><\/small><\/p>\n<p><strong>Ziel<\/strong><br \/>\nPraxis Dr. med. Volker Classen<br \/>\nW\u00fcrzburg Klosterstra\u00dfe 9<\/p>\n<p><strong>Anfahrt<\/strong><\/p>\n<p>Die <a href=\"http:\/\/www.praxis-dr-classen.de\/?page_id=64\">haus\u00e4rztliche Praxis<\/a>\u00a0Praxis f\u00fcr Allgemeinmedizin, Naturheilverfahren, Sportmedizin &amp; Notfallmedizin liegt direkt im Herzen von Heidingsfeld. Sie erreichen die Praxis mit dem Auto aus Richtung W\u00fcrzburg-Stadtmitte kommend wie folgt: Konrad-Adenauer-Br\u00fccke -&gt; Mergentheimer Stra\u00dfe Richtung Heidingsfeld -&gt; am M\u00f6belhaus XXXLutz-Neubert vorbei -&gt; Seilerstra\u00dfe entlangfahren -&gt; rechts abbiegen in die Werkingstra\u00dfe -&gt; zweite rechts abbiegen in die Klosterstra\u00dfe, dann nach ca. 80 m rechts direkt \u00fcber der Klosterapotheke.<br \/>\nWenn Sie vom Heuchelhof\/Rottenbauer kommen, so fahren Sie die Heuchelhofstra\u00dfe herunter, dann folgen Sie der Stuttgarter Stra\u00dfe, biegen nach der Bahnbr\u00fccke rechts in die Klingenstra\u00dfe ein, am Ende der Klingenstra\u00dfe rechts abbiegen, dann ca. 40 m links \u00fcber der Klosterapotheke.<br \/>\nWenn Sie von der A3 kommen (Ausfahrt W\u00fcrzburg-Heidingsfeld), so gilt obige Beschreibung ab der Konrad-Adenauer-Br\u00fccke.<\/p>\n<p><strong>Parkm\u00f6glichkeiten<\/strong><\/p>\n<p>Parken k\u00f6nnen Sie entlang der Klosterstra\u00dfe (Parkbuchten mit Parkscheinautomat). Ein gr\u00f6\u00dferer Parkplatz befindet sich auch im Bereich der Haltestelle Reuterstra\u00dfe \/ Ecke Seilerstra\u00dfe \/ Wiesenweg (gegen\u00fcber der HEM-Tankstelle). Zudem gibt es noch einen \u00f6ffentlichen Parkplatz am Seegarten sowie den Bayla-Parkplatz (beidesmal Zufahrt \u00fcber die Seilerstra\u00dfe).<\/p>\n<p><strong>Anfahrt mit \u00f6ffentlichen Verkehrsmitteln<\/strong><\/p>\n<p>Haltestelle Reuterstra\u00dfe, Straba Linie 3 und 5, Bus Linie 16, 31, 33, 34. Von hier aus in Richtung Altstadt Heidingsfeld ca. 80 m geradeaus gehen (zuerst Wenzelstra\u00dfe, dann Klosterstra\u00dfe, direkt \u00fcber der Klosterapotheke, gegen\u00fcber einer kleinen B\u00e4ckerei am Eck). Die Buslinie 16 h\u00e4lt auch direkt vor der Praxis (Haltestelle Klosterstra\u00dfe). Der Bahnhof W\u00fcrzburg-Ost befindet sich ebenfalls in 5 min. Entfernung von der Praxis.<\/p>\n<p>&nbsp;<\/p>\n","protected":false},"excerpt":{"rendered":"<p>So finden Sie uns: Gr\u00f6\u00dfere Kartenansicht Ziel Praxis Dr. med. Volker Classen W\u00fcrzburg Klosterstra\u00dfe 9 Anfahrt Die haus\u00e4rztliche Praxis\u00a0Praxis f\u00fcr Allgemeinmedizin, Naturheilverfahren, Sportmedizin &amp; Notfallmedizin liegt direkt im Herzen von Heidingsfeld. Sie erreichen die Praxis mit dem Auto aus Richtung W\u00fcrzburg-Stadtmitte kommend wie folgt: Konrad-Adenauer-Br\u00fccke -&gt; Mergentheimer Stra\u00dfe Richtung Heidingsfeld -&gt; am M\u00f6belhaus XXXLutz-Neubert vorbei &hellip; <\/p>\n<p class=\"link-more\"><a href=\"https:\/\/www.praxis-dr-classen.de\/?page_id=76\" class=\"more-link\"><span class=\"screen-reader-text\">\u201eAnfahrt\u201c <\/span>weiterlesen<\/a><\/p>\n","protected":false},"author":2,"featured_media":0,"parent":0,"menu_order":60,"comment_status":"closed","ping_status":"closed","template":"","meta":[],"_links":{"self":[{"href":"https:\/\/www.praxis-dr-classen.de\/index.php?rest_route=\/wp\/v2\/pages\/76"}],"collection":[{"href":"https:\/\/www.praxis-dr-classen.de\/index.php?rest_route=\/wp\/v2\/pages"}],"about":[{"href":"https:\/\/www.praxis-dr-classen.de\/index.php?rest_route=\/wp\/v2\/types\/page"}],"author":[{"embeddable":true,"href":"https:\/\/www.praxis-dr-classen.de\/index.php?rest_route=\/wp\/v2\/users\/2"}],"replies":[{"embeddable":true,"href":"https:\/\/www.praxis-dr-classen.de\/index.php?rest_route=%2Fwp%2Fv2%2Fcomments&post=76"}],"version-history":[{"count":0,"href":"https:\/\/www.praxis-dr-classen.de\/index.php?rest_route=\/wp\/v2\/pages\/76\/revisions"}],"wp:attachment":[{"href":"https:\/\/www.praxis-dr-classen.de\/index.php?rest_route=%2Fwp%2Fv2%2Fmedia&parent=76"}],"curies":[{"name":"wp","href":"https:\/\/api.w.org\/{rel}","templated":true}]}}