{"id":80,"date":"2021-08-10T09:27:53","date_gmt":"2021-08-10T08:27:53","guid":{"rendered":"http:\/\/www.praxis-dr-classen.de\/?page_id=80"},"modified":"2021-08-14T00:15:16","modified_gmt":"2021-08-13T23:15:16","slug":"links-2","status":"publish","type":"page","link":"https:\/\/www.praxis-dr-classen.de\/?page_id=80","title":{"rendered":"Links"},"content":{"rendered":"<p><strong><a href=\"http:\/\/www.wuerzburger-kickers.de\/\" target=\"_blank\" rel=\"noopener noreferrer\">FC W\u00fcrzburger Kickers e.V<\/a>.<\/strong> Betreuung und Beratung des FWK in allen medizinischen Fragen und Problemstellungen, Untersuchungen f\u00fcr Sportler. Schwerpunkt: Boxen und Fussball, Jugendsportf\u00f6rderung.<\/p>\n<p><strong><a href=\"https:\/\/www.animals-angels.de\/\" target=\"_blank\" rel=\"noopener noreferrer\">Animals Angels<\/a> <\/strong> Wir unterst\u00fctzen die Initiative im Rahmen des Tierschutzes.<\/p>\n<p><strong><a href=\"http:\/\/www.lebe-leichter.info\/\" target=\"_blank\" rel=\"noopener noreferrer\">Lebe leichter<\/a><\/strong> Wir arbeiten mit Beate Nordstrand (Individuelle Ern\u00e4hrungsberatung) zusammen.<\/p>\n<p><strong><a href=\"http:\/\/www.weightwatchers.de\/\">WeightWatchers<\/a>\u00a0<\/strong>Das Gewicht im Auge behalten &#8211; so schaffen Sie es (langfristige Gewichtsabnahme), entweder online oder mit Treffen vor Ort.<\/p>\n<p><strong><a href=\"http:\/\/zuzkalight.com\/\">Moove it<\/a><\/strong> Immer in Bewegung bleiben &#8211; heute anfangen, als sinnvolle Erg\u00e4nzung zu einer Ern\u00e4hrungsumstellung.<\/p>\n<p><a href=\"http:\/\/www.docstop-online.eu\/cms\/front_content.php\" target=\"_blank\" rel=\"noopener noreferrer\"><strong>DOC STOP<\/strong><\/a> Diese Praxis ist Kooperationspartner von ADAC\/Docstop (Medizinische Notfallambulanz f\u00fcr den Autobahnabschnitt A3 W\u00fcrzburg-S\u00dcD, Ansprechpartner f\u00fcr alle Berufskraftfahrer und Reisenden).<\/p>\n<p><a href=\"http:\/\/www.dpsk.de\/\" target=\"_blank\" rel=\"noopener noreferrer\"><strong>Polizeisportkuratorium<\/strong><\/a> Diese Praxis ist Kooperationspartner des Deutschen Polizeisportkuratoriums und als Partnerpraxis Ansprechpartner f\u00fcr alle Polizeibeamten in W\u00fcrzburg.<\/p>\n<p><strong><a href=\"http:\/\/wetterbote.de\/wuerzburg-Gesundheitswetter.html\" target=\"_blank\" rel=\"noopener noreferrer\">Gesundheitswetter in W\u00fcrzburg <\/a><\/strong>Individuelle Anzeige f\u00fcr Menschen mit hohem Blutdruck, Kopfschmerzen, Gelenkbeschwerden wie auch f\u00fcr Pollenallergiker und Asthmatiker.<\/p>\n<p><strong><a href=\"https:\/\/www.rki.de\/DE\/Content\/Kommissionen\/STIKO\/Empfehlungen\/Impfempfehlungen_node.html\">Impfempfehlungen\u00a0<\/a><\/strong>Aktuelle Impfempfehlungen der Expertenkommission &#8211; wer wann warum. Alle empfohlenen Impfungen k\u00f6nnen in dieser Praxis durchgef\u00fchrt werden, inclusive Gelbfieber (offizielle Gelbfieberimpfstelle). Vor Fernreisen f\u00fchren wir auf Wunsch eine umfassende individuelle Impfberatung durch.<\/p>\n","protected":false},"excerpt":{"rendered":"<p>FC W\u00fcrzburger Kickers e.V. Betreuung und Beratung des FWK in allen medizinischen Fragen und Problemstellungen, Untersuchungen f\u00fcr Sportler. Schwerpunkt: Boxen und Fussball, Jugendsportf\u00f6rderung. Animals Angels Wir unterst\u00fctzen die Initiative im Rahmen des Tierschutzes. Lebe leichter Wir arbeiten mit Beate Nordstrand (Individuelle Ern\u00e4hrungsberatung) zusammen. WeightWatchers\u00a0Das Gewicht im Auge behalten &#8211; so schaffen Sie es (langfristige Gewichtsabnahme), &hellip; <\/p>\n<p class=\"link-more\"><a href=\"https:\/\/www.praxis-dr-classen.de\/?page_id=80\" class=\"more-link\"><span class=\"screen-reader-text\">\u201eLinks\u201c <\/span>weiterlesen<\/a><\/p>\n","protected":false},"author":2,"featured_media":0,"parent":0,"menu_order":70,"comment_status":"closed","ping_status":"closed","template":"","meta":[],"_links":{"self":[{"href":"https:\/\/www.praxis-dr-classen.de\/index.php?rest_route=\/wp\/v2\/pages\/80"}],"collection":[{"href":"https:\/\/www.praxis-dr-classen.de\/index.php?rest_route=\/wp\/v2\/pages"}],"about":[{"href":"https:\/\/www.praxis-dr-classen.de\/index.php?rest_route=\/wp\/v2\/types\/page"}],"author":[{"embeddable":true,"href":"https:\/\/www.praxis-dr-classen.de\/index.php?rest_route=\/wp\/v2\/users\/2"}],"replies":[{"embeddable":true,"href":"https:\/\/www.praxis-dr-classen.de\/index.php?rest_route=%2Fwp%2Fv2%2Fcomments&post=80"}],"version-history":[{"count":0,"href":"https:\/\/www.praxis-dr-classen.de\/index.php?rest_route=\/wp\/v2\/pages\/80\/revisions"}],"wp:attachment":[{"href":"https:\/\/www.praxis-dr-classen.de\/index.php?rest_route=%2Fwp%2Fv2%2Fmedia&parent=80"}],"curies":[{"name":"wp","href":"https:\/\/api.w.org\/{rel}","templated":true}]}}